{"id":741,"date":"2023-03-09T20:38:59","date_gmt":"2023-03-09T19:38:59","guid":{"rendered":"http:\/\/svk.hkdrustvo.hr\/?page_id=741"},"modified":"2023-03-19T17:11:18","modified_gmt":"2023-03-19T16:11:18","slug":"arrival-instructions","status":"publish","type":"page","link":"https:\/\/svk.hkdrustvo.hr\/?page_id=741","title":{"rendered":"Arrival Instructions"},"content":{"rendered":"\n<figure class=\"wp-block-image size-full\"><img loading=\"lazy\" decoding=\"async\" width=\"1024\" height=\"517\" src=\"https:\/\/svk.hkdrustvo.hr\/wp-content\/uploads\/2023\/03\/image-3.png\" alt=\"\" class=\"wp-image-802\" srcset=\"https:\/\/svk.hkdrustvo.hr\/wp-content\/uploads\/2023\/03\/image-3.png 1024w, https:\/\/svk.hkdrustvo.hr\/wp-content\/uploads\/2023\/03\/image-3-300x151.png 300w, https:\/\/svk.hkdrustvo.hr\/wp-content\/uploads\/2023\/03\/image-3-768x388.png 768w\" sizes=\"auto, (max-width: 1024px) 100vw, 1024px\" \/><\/figure>\n\n\n\n<p>How to reach us<\/p>\n\n\n\n<div class=\"wp-block-group\"><div class=\"wp-block-group__inner-container is-layout-constrained wp-block-group-is-layout-constrained\">\n<div class=\"wp-block-group\"><div class=\"wp-block-group__inner-container is-layout-constrained wp-block-group-is-layout-constrained\">\n<div class=\"wp-block-group\"><div class=\"wp-block-group__inner-container is-layout-constrained wp-block-group-is-layout-constrained\">\n<ul class=\"wp-block-list\">\n<li><strong>By car<\/strong><\/li>\n\n\n\n<li>Hotel address: \u0160etali\u0161te Mar\u0161ala Tita 15, 51415 Lovran, Croatia.<\/li>\n\n\n\n<li>You can use taxi services: \n<ul class=\"wp-block-list\">\n<li>Cammeo <a href=\"https:\/\/cammeo.hr\/en\">https:\/\/cammeo.hr\/en<\/a><\/li>\n\n\n\n<li>Taxi Fiume <a href=\"https:\/\/www.taxifiume.com\/\">https:\/\/www.taxifiume.com\/<\/a><\/li>\n\n\n\n<li>Eko Taxi <a href=\"https:\/\/ekotaxi.hr\/en\">https:\/\/ekotaxi.hr\/en<\/a><\/li>\n\n\n\n<li>Hallo Taxi Opatija <a href=\"http:\/\/hallotaxi.opatija.net\/\">http:\/\/hallotaxi.opatija.net\/<\/a><\/li>\n<\/ul>\n<\/li>\n<\/ul>\n<\/div><\/div>\n<\/div><\/div>\n<\/div><\/div>\n\n\n\n<ul class=\"wp-block-list\">\n<li><strong>By bus<\/strong>\n<ul class=\"wp-block-list\">\n<li>Take bus line number 32 from Rijeka to Lovran. <a href=\"https:\/\/www.autotrolej.hr\/wp-content\/uploads\/2023\/02\/32-32a-27022023.pdf\" data-type=\"URL\" data-id=\"https:\/\/www.autotrolej.hr\/wp-content\/uploads\/2023\/02\/32-32a-27022023.pdf\">View timetable here<\/a><\/li>\n<\/ul>\n<\/li>\n<\/ul>\n\n\n\n<ul class=\"wp-block-list\">\n<li><strong>By train<\/strong>\n<ul class=\"wp-block-list\">\n<li>Railway stations: Opatija-Matulji (5 km), Rijeka (12 km)<\/li>\n<\/ul>\n<\/li>\n<\/ul>\n\n\n\n<ul class=\"wp-block-list\">\n<li><strong>By plane<\/strong><\/li>\n\n\n\n<li>Nearby airports:\n<ul class=\"wp-block-list\">\n<li>Trieste, Italy, Friuli Venezia Giulia, Aeroporto Ronchi dei Legionari\n<ul class=\"wp-block-list\">\n<li><a href=\"http:\/\/www.aeroporto.fvg.it\">www.aeroporto.fvg.it<\/a>&nbsp; \/ IATA CODE: TRS<\/li>\n<\/ul>\n<\/li>\n\n\n\n<li>Ljubljana, Slovenia, Brnik Airport\n<ul class=\"wp-block-list\">\n<li><a href=\"http:\/\/www.lju-airport.si\">www.lju-airport.si<\/a>&nbsp; \/ IATA CODE: LJU<\/li>\n<\/ul>\n<\/li>\n\n\n\n<li>Rijeka Airport, Island of Krk, Croatia\n<ul class=\"wp-block-list\">\n<li><a href=\"http:\/\/www.rijeka-airport.hr\">www.rijeka-airport.hr<\/a>&nbsp; \/ IATA CODE: RJK<\/li>\n<\/ul>\n<\/li>\n\n\n\n<li>Pula Airport, Croatia\n<ul class=\"wp-block-list\">\n<li><a href=\"http:\/\/www.airport-pula.hr\">www.airport-pula.hr<\/a>&nbsp; \/ IATA CODE: PUY<\/li>\n<\/ul>\n<\/li>\n\n\n\n<li>Franjo Tu\u0111man Airport, Zagreb, Croatia\n<ul class=\"wp-block-list\">\n<li><a href=\"http:\/\/www.zagreb-airport.hr\">www.zagreb-airport.hr<\/a> \/ IATA CODE: ZAG<\/li>\n<\/ul>\n<\/li>\n\n\n\n<li>Venice, Italy, Aeroporto Marco Polo\n<ul class=\"wp-block-list\">\n<li><a href=\"http:\/\/www.veniceairport.it\">www.veniceairport.it<\/a>&nbsp; \/ IATA CODE: VCE<\/li>\n<\/ul>\n<\/li>\n<\/ul>\n<\/li>\n<\/ul>\n","protected":false},"excerpt":{"rendered":"<p>How to reach us<\/p>\n","protected":false},"author":2,"featured_media":0,"parent":732,"menu_order":4,"comment_status":"closed","ping_status":"closed","template":"","meta":{"footnotes":""},"class_list":["post-741","page","type-page","status-publish","hentry","post"],"featured_image_src":null,"_links":{"self":[{"href":"https:\/\/svk.hkdrustvo.hr\/index.php?rest_route=\/wp\/v2\/pages\/741","targetHints":{"allow":["GET"]}}],"collection":[{"href":"https:\/\/svk.hkdrustvo.hr\/index.php?rest_route=\/wp\/v2\/pages"}],"about":[{"href":"https:\/\/svk.hkdrustvo.hr\/index.php?rest_route=\/wp\/v2\/types\/page"}],"author":[{"embeddable":true,"href":"https:\/\/svk.hkdrustvo.hr\/index.php?rest_route=\/wp\/v2\/users\/2"}],"replies":[{"embeddable":true,"href":"https:\/\/svk.hkdrustvo.hr\/index.php?rest_route=%2Fwp%2Fv2%2Fcomments&post=741"}],"version-history":[{"count":3,"href":"https:\/\/svk.hkdrustvo.hr\/index.php?rest_route=\/wp\/v2\/pages\/741\/revisions"}],"predecessor-version":[{"id":806,"href":"https:\/\/svk.hkdrustvo.hr\/index.php?rest_route=\/wp\/v2\/pages\/741\/revisions\/806"}],"up":[{"embeddable":true,"href":"https:\/\/svk.hkdrustvo.hr\/index.php?rest_route=\/wp\/v2\/pages\/732"}],"wp:attachment":[{"href":"https:\/\/svk.hkdrustvo.hr\/index.php?rest_route=%2Fwp%2Fv2%2Fmedia&parent=741"}],"curies":[{"name":"wp","href":"https:\/\/api.w.org\/{rel}","templated":true}]}}