{"id":206,"date":"2023-02-24T05:23:20","date_gmt":"2023-02-24T04:23:20","guid":{"rendered":"https:\/\/svk.hkdrustvo.hr\/?page_id=206"},"modified":"2025-04-28T13:35:57","modified_gmt":"2025-04-28T11:35:57","slug":"upute-za-dolazak","status":"publish","type":"page","link":"https:\/\/svk.hkdrustvo.hr\/?page_id=206","title":{"rendered":"Upute za dolazak"},"content":{"rendered":"\n<p><\/p>\n\n\n\n<figure class=\"wp-block-image size-large\"><a href=\"https:\/\/www.google.com\/maps\/place\/Hotel+Excelsior\/@45.296259,14.2743943,17z\/data=!4m14!1m7!3m6!1s0x476357e552e8a793:0x9393a18f69430924!2sHotel+Excelsior!8m2!3d45.296259!4d14.276583!16s%2Fg%2F1tfzl3mg!3m5!1s0x476357e552e8a793:0x9393a18f69430924!8m2!3d45.296259!4d14.276583!16s%2Fg%2F1tfzl3mg\" rel=\"O mogu\u0107nosti organiziranog prijevoza iz Zagreba uskoro \u0107e biti postavljena obavijest na mre\u017enim stranicama skupa.\"><img loading=\"lazy\" decoding=\"async\" width=\"1024\" height=\"517\" src=\"https:\/\/svk.hkdrustvo.hr\/wp-content\/uploads\/2023\/02\/excelsior-1024x517.png\" alt=\"\" class=\"wp-image-419\" srcset=\"https:\/\/svk.hkdrustvo.hr\/wp-content\/uploads\/2023\/02\/excelsior-1024x517.png 1024w, https:\/\/svk.hkdrustvo.hr\/wp-content\/uploads\/2023\/02\/excelsior-300x151.png 300w, https:\/\/svk.hkdrustvo.hr\/wp-content\/uploads\/2023\/02\/excelsior-768x388.png 768w, https:\/\/svk.hkdrustvo.hr\/wp-content\/uploads\/2023\/02\/excelsior-1536x775.png 1536w, https:\/\/svk.hkdrustvo.hr\/wp-content\/uploads\/2023\/02\/excelsior.png 1854w\" sizes=\"auto, (max-width: 1024px) 100vw, 1024px\" \/><\/a><\/figure>\n\n\n\n<hr class=\"wp-block-separator has-alpha-channel-opacity\"\/>\n\n\n\n<p><\/p>\n","protected":false},"excerpt":{"rendered":"","protected":false},"author":2,"featured_media":0,"parent":135,"menu_order":4,"comment_status":"closed","ping_status":"closed","template":"","meta":{"footnotes":""},"class_list":["post-206","page","type-page","status-publish","hentry","post"],"featured_image_src":null,"_links":{"self":[{"href":"https:\/\/svk.hkdrustvo.hr\/index.php?rest_route=\/wp\/v2\/pages\/206","targetHints":{"allow":["GET"]}}],"collection":[{"href":"https:\/\/svk.hkdrustvo.hr\/index.php?rest_route=\/wp\/v2\/pages"}],"about":[{"href":"https:\/\/svk.hkdrustvo.hr\/index.php?rest_route=\/wp\/v2\/types\/page"}],"author":[{"embeddable":true,"href":"https:\/\/svk.hkdrustvo.hr\/index.php?rest_route=\/wp\/v2\/users\/2"}],"replies":[{"embeddable":true,"href":"https:\/\/svk.hkdrustvo.hr\/index.php?rest_route=%2Fwp%2Fv2%2Fcomments&post=206"}],"version-history":[{"count":7,"href":"https:\/\/svk.hkdrustvo.hr\/index.php?rest_route=\/wp\/v2\/pages\/206\/revisions"}],"predecessor-version":[{"id":1461,"href":"https:\/\/svk.hkdrustvo.hr\/index.php?rest_route=\/wp\/v2\/pages\/206\/revisions\/1461"}],"up":[{"embeddable":true,"href":"https:\/\/svk.hkdrustvo.hr\/index.php?rest_route=\/wp\/v2\/pages\/135"}],"wp:attachment":[{"href":"https:\/\/svk.hkdrustvo.hr\/index.php?rest_route=%2Fwp%2Fv2%2Fmedia&parent=206"}],"curies":[{"name":"wp","href":"https:\/\/api.w.org\/{rel}","templated":true}]}}