{"id":204,"date":"2023-02-24T05:22:14","date_gmt":"2023-02-24T04:22:14","guid":{"rendered":"https:\/\/svk.hkdrustvo.hr\/?page_id=204"},"modified":"2025-05-08T18:43:41","modified_gmt":"2025-05-08T16:43:41","slug":"smjestaj","status":"publish","type":"page","link":"https:\/\/svk.hkdrustvo.hr\/?page_id=204","title":{"rendered":"Smje\u0161taj"},"content":{"rendered":"\n<p>Smje\u0161taj za sudionike po posebnim cijenama smje\u0161taja predvi\u0111en je u Hotelu Excelsior 4* u terminu 1.-3.12., a sudionici individualno rezerviraju smje\u0161taj direktno putem promo k\u00f4da \u201c<strong>HKD25<\/strong>\u201d na <a href=\"http:\/\/www.liburnia.hr\">web stranici<\/a> ; nakon odabira vrste sobe i datuma, upisuje se promo k\u00f4d: \u201c<strong>HKD25<\/strong>\u201d, ili direktno klikom na sljede\u0107i link (bez unosa promo koda!):<br><a href=\"https:\/\/booking.liburnia.hr\/book.php?page=availability&amp;companyid=225&amp;hotelid=922&amp;checkin=2025-10-15&amp;checkout=2025-10-17&amp;partnerid=21723&amp;ibelang=hr&amp;ibecurrency=EUR&amp;crcid=f028a67fe5b8d7024efc19d4a122eb93\">Poveznica <\/a>na ponude rezervacija, potrebno prilagoditi broj osoba i eventualno du\u017einu boravka.<\/p>\n\n\n\n<p>Za goste koji bi \u017eeljeli unaprijed platiti smje\u0161taj po predra\u010dunu, molimo da svoju rezervaciju izvr\u0161e samostalno putem rezervacijskog linka, odnosno promo k\u00f4da \u201c<strong>HKD25<\/strong>\u2033 te u zadnjem koraku odaberu na\u010din pla\u0107anja predra\u010dunom. Predra\u010dun je mogu\u0107e zatra\u017eiti do 10 dana prije dolaska, a nakon isteka tog roka rezervacija \u0107e se smatrati otkazanom.<br>Ukoliko je potrebno izdavanje e-ra\u010duna, u napomenu rezervacije molimo upisati \u201d<em>Potrebno je izdavanje e-ra\u010duna<\/em>\u201d i upisati broj narud\u017ebenice. Narud\u017ebenica treba biti predana prilikom check in-a kao sredstvo pla\u0107anja. Naknadne korekcije e-ra\u010duna ne\u0107e biti mogu\u0107e te ljubazno molimo da vi\u0161e detalja pogledate u Op\u0107im uvjetima poslovanja prilikom izrade rezervacije.<\/p>\n\n\n\n<p>Dodatne upute za rezervaciju smje\u0161taja su dostupne na&nbsp;<a href=\"https:\/\/www.hkdrustvo.hr\/wp-content\/uploads\/2025\/04\/UPUTE-ZA-IZRADU-REZERVACIJE-PUTEM-PROMO-KODA-1.pdf\">poveznici<\/a>.<\/p>\n\n\n\n<p>Za sva dodatna pitanja i eventualnu asistenciju pri samom procesu rezervacije na raspolaganju je rezervacijski centar (<a href=\"mailto:reservation.mice@liburnia.hr\">reservation.mice@liburnia.hr<\/a>&nbsp;\/ +385 51 710 444).<\/p>\n\n\n\n<p>Prilikom kontaktiranja agenata u rezervacijskom centru sudionici se mogu pozvati se na promo k\u00f4d \u201c<strong>HKD25<\/strong>\u201d, odnosno na sam naziv doga\u0111anja.<\/p>\n\n\n\n<figure class=\"wp-block-image size-large\"><img loading=\"lazy\" decoding=\"async\" width=\"1024\" height=\"512\" src=\"https:\/\/svk.hkdrustvo.hr\/wp-content\/uploads\/2023\/02\/hotel-1024x512.jpg\" alt=\"\" class=\"wp-image-252\" srcset=\"https:\/\/svk.hkdrustvo.hr\/wp-content\/uploads\/2023\/02\/hotel-1024x512.jpg 1024w, https:\/\/svk.hkdrustvo.hr\/wp-content\/uploads\/2023\/02\/hotel-300x150.jpg 300w, https:\/\/svk.hkdrustvo.hr\/wp-content\/uploads\/2023\/02\/hotel-768x384.jpg 768w, https:\/\/svk.hkdrustvo.hr\/wp-content\/uploads\/2023\/02\/hotel-1536x768.jpg 1536w, https:\/\/svk.hkdrustvo.hr\/wp-content\/uploads\/2023\/02\/hotel.jpg 1600w\" sizes=\"auto, (max-width: 1024px) 100vw, 1024px\" \/><\/figure>\n\n\n\n<p><\/p>\n","protected":false},"excerpt":{"rendered":"<p>Smje\u0161taj za sudionike po posebnim cijenama smje\u0161taja predvi\u0111en je u Hotelu Excelsior 4* u terminu 1.-3.12., a sudionici individualno rezerviraju smje\u0161taj direktno putem promo k\u00f4da \u201cHKD25\u201d na web stranici ; nakon odabira vrste sobe i datuma, upisuje se promo k\u00f4d: \u201cHKD25\u201d, ili direktno klikom na sljede\u0107i link (bez unosa promo koda!):Poveznica na ponude rezervacija, potrebno [&hellip;]<\/p>\n","protected":false},"author":2,"featured_media":0,"parent":135,"menu_order":3,"comment_status":"closed","ping_status":"closed","template":"","meta":{"footnotes":""},"class_list":["post-204","page","type-page","status-publish","hentry","post"],"featured_image_src":null,"_links":{"self":[{"href":"https:\/\/svk.hkdrustvo.hr\/index.php?rest_route=\/wp\/v2\/pages\/204","targetHints":{"allow":["GET"]}}],"collection":[{"href":"https:\/\/svk.hkdrustvo.hr\/index.php?rest_route=\/wp\/v2\/pages"}],"about":[{"href":"https:\/\/svk.hkdrustvo.hr\/index.php?rest_route=\/wp\/v2\/types\/page"}],"author":[{"embeddable":true,"href":"https:\/\/svk.hkdrustvo.hr\/index.php?rest_route=\/wp\/v2\/users\/2"}],"replies":[{"embeddable":true,"href":"https:\/\/svk.hkdrustvo.hr\/index.php?rest_route=%2Fwp%2Fv2%2Fcomments&post=204"}],"version-history":[{"count":15,"href":"https:\/\/svk.hkdrustvo.hr\/index.php?rest_route=\/wp\/v2\/pages\/204\/revisions"}],"predecessor-version":[{"id":1600,"href":"https:\/\/svk.hkdrustvo.hr\/index.php?rest_route=\/wp\/v2\/pages\/204\/revisions\/1600"}],"up":[{"embeddable":true,"href":"https:\/\/svk.hkdrustvo.hr\/index.php?rest_route=\/wp\/v2\/pages\/135"}],"wp:attachment":[{"href":"https:\/\/svk.hkdrustvo.hr\/index.php?rest_route=%2Fwp%2Fv2%2Fmedia&parent=204"}],"curies":[{"name":"wp","href":"https:\/\/api.w.org\/{rel}","templated":true}]}}