{"id":201,"date":"2023-02-24T05:19:01","date_gmt":"2023-02-24T04:19:01","guid":{"rendered":"https:\/\/svk.hkdrustvo.hr\/?page_id=201"},"modified":"2025-11-19T13:51:04","modified_gmt":"2025-11-19T12:51:04","slug":"prakticne-informacije","status":"publish","type":"page","link":"https:\/\/svk.hkdrustvo.hr\/?page_id=201","title":{"rendered":"Prakti\u010dne informacije"},"content":{"rendered":"\n<p class=\"has-medium-font-size\">19. Dani specijalnih i visoko\u0161kolskih knji\u017enica iskora\u010dit \u0107e prema zelenom i digitalnom, u skladu s preporukama Europske komisije i na\u0161e knji\u017eni\u010darske zajednice.<\/p>\n\n\n\n<p><strong>Po\u0161tujmo na\u0161e zeleno i digitalno okru\u017eje:<\/strong><\/p>\n\n\n\n<ul class=\"wp-block-list\">\n<li>akreditacije \u0107e sadr\u017eavati pregled programa skupa, kao i QR kod kojima \u0107e biti lako i jednostavno pristupiti sa\u017eetcima svih izlaganja, okruglih stolova, radionica ili postera<\/li>\n\n\n\n<li>vrpca i plastika akreditacije nisu biorazgradive, stoga \u0107emo vas zamoliti da po odlasku s konferencije, odnosno po zavr\u0161etku skupa odlo\u017eite vrpcu i za\u0161titnu plastiku u kutiju koja \u0107e namjenski za tu priliku biti na prijemnom pultu (za registraciju) (program skupa sa svojim imenom mo\u017eete zadr\u017eati)<\/li>\n\n\n\n<li>knji\u017enica sa\u017eetaka bit \u0107e dostupna online, na mre\u017enim stranicama skupa (mo\u0107i \u0107ete joj pristupiti putem mre\u017ene stranice ili QR kodom &#8211; nema tiskanja \u2013 <em>zero waste<\/em>)<\/li>\n\n\n\n<li>zbornici s prethodnih skupova: 16., 17. i 18. Dani \u2013 bit \u0107e dostupni u <em>online <\/em>okru\u017eju u otvorenom pristupu.<\/li>\n<\/ul>\n\n\n\n<p><strong>Upute: <\/strong><\/p>\n\n\n\n<ul class=\"wp-block-list\">\n<li>na prijemnom pultu (registraciji) ispred dvorana na razini -2 hotela Excelsior bit \u0107e raspore\u0111eni volonteri: dostupni tijekom cijelog dana konferencije i spremni odgovoriti na sva va\u0161a pitanja<\/li>\n\n\n\n<li>pri registraciji dobit \u0107ete svoje akreditacije i potom putem QR koda mo\u0107i \u0107ete pristupati svim sadr\u017eajima na mre\u017enim stranicama skupa<\/li>\n\n\n\n<li>na dru\u0161tvenim mre\u017eama HKD-a i mre\u017enim stranicama skupa podijelit \u0107emo fotografije sa skupa te \u0107ete mo\u0107i pratiti tijek doga\u0111anja konferencije<\/li>\n\n\n\n<li>stanke za kavu su predvi\u0111ene programom te mo\u017eete isplanirati svoje pauze<\/li>\n\n\n\n<li>sponzori \u0107e biti dostupni u prostoru ispred dvorana otvoreni za sastanke i dogovore<\/li>\n\n\n\n<li>za sve radionice skupa bit \u0107e omogu\u0107ene online prijave te \u0107e radionice imati to\u010dan i jasan broj prijavljenih sudionika<\/li>\n\n\n\n<li>sve ostale informacije dostupne su na registracijskom pultu.<\/li>\n<\/ul>\n\n\n\n<p>\u017delimo vam svima ugodan i uspje\u0161an boravak u Lovranu na 19. Danima i veselimo se Va\u0161em dolasku i dru\u017eenju!<\/p>\n","protected":false},"excerpt":{"rendered":"<p>19. Dani specijalnih i visoko\u0161kolskih knji\u017enica iskora\u010dit \u0107e prema zelenom i digitalnom, u skladu s preporukama Europske komisije i na\u0161e knji\u017eni\u010darske zajednice. Po\u0161tujmo na\u0161e zeleno i digitalno okru\u017eje: Upute: \u017delimo vam svima ugodan i uspje\u0161an boravak u Lovranu na 19. Danima i veselimo se Va\u0161em dolasku i dru\u017eenju!<\/p>\n","protected":false},"author":2,"featured_media":0,"parent":135,"menu_order":2,"comment_status":"closed","ping_status":"closed","template":"","meta":{"footnotes":""},"class_list":["post-201","page","type-page","status-publish","hentry","post"],"featured_image_src":null,"_links":{"self":[{"href":"https:\/\/svk.hkdrustvo.hr\/index.php?rest_route=\/wp\/v2\/pages\/201","targetHints":{"allow":["GET"]}}],"collection":[{"href":"https:\/\/svk.hkdrustvo.hr\/index.php?rest_route=\/wp\/v2\/pages"}],"about":[{"href":"https:\/\/svk.hkdrustvo.hr\/index.php?rest_route=\/wp\/v2\/types\/page"}],"author":[{"embeddable":true,"href":"https:\/\/svk.hkdrustvo.hr\/index.php?rest_route=\/wp\/v2\/users\/2"}],"replies":[{"embeddable":true,"href":"https:\/\/svk.hkdrustvo.hr\/index.php?rest_route=%2Fwp%2Fv2%2Fcomments&post=201"}],"version-history":[{"count":11,"href":"https:\/\/svk.hkdrustvo.hr\/index.php?rest_route=\/wp\/v2\/pages\/201\/revisions"}],"predecessor-version":[{"id":1984,"href":"https:\/\/svk.hkdrustvo.hr\/index.php?rest_route=\/wp\/v2\/pages\/201\/revisions\/1984"}],"up":[{"embeddable":true,"href":"https:\/\/svk.hkdrustvo.hr\/index.php?rest_route=\/wp\/v2\/pages\/135"}],"wp:attachment":[{"href":"https:\/\/svk.hkdrustvo.hr\/index.php?rest_route=%2Fwp%2Fv2%2Fmedia&parent=201"}],"curies":[{"name":"wp","href":"https:\/\/api.w.org\/{rel}","templated":true}]}}