{"id":1970,"date":"2025-11-14T11:53:04","date_gmt":"2025-11-14T10:53:04","guid":{"rendered":"https:\/\/svk.hkdrustvo.hr\/?page_id=1970"},"modified":"2025-12-01T10:29:35","modified_gmt":"2025-12-01T09:29:35","slug":"programska-knjizica","status":"publish","type":"page","link":"https:\/\/svk.hkdrustvo.hr\/?page_id=1970","title":{"rendered":"Programska knji\u017eica"},"content":{"rendered":"\n<figure class=\"wp-block-image size-large is-resized\"><img loading=\"lazy\" decoding=\"async\" width=\"1024\" height=\"1024\" src=\"https:\/\/svk.hkdrustvo.hr\/wp-content\/uploads\/2025\/11\/19-dani-2025-1024x1024.png\" alt=\"\" class=\"wp-image-2051\" style=\"width:254px;height:auto\" srcset=\"https:\/\/svk.hkdrustvo.hr\/wp-content\/uploads\/2025\/11\/19-dani-2025-1024x1024.png 1024w, https:\/\/svk.hkdrustvo.hr\/wp-content\/uploads\/2025\/11\/19-dani-2025-300x300.png 300w, https:\/\/svk.hkdrustvo.hr\/wp-content\/uploads\/2025\/11\/19-dani-2025-150x150.png 150w, https:\/\/svk.hkdrustvo.hr\/wp-content\/uploads\/2025\/11\/19-dani-2025-768x768.png 768w, https:\/\/svk.hkdrustvo.hr\/wp-content\/uploads\/2025\/11\/19-dani-2025-1536x1536.png 1536w, https:\/\/svk.hkdrustvo.hr\/wp-content\/uploads\/2025\/11\/19-dani-2025.png 2048w\" sizes=\"auto, (max-width: 1024px) 100vw, 1024px\" \/><\/figure>\n\n\n\n<p><a href=\"https:\/\/svk.hkdrustvo.hr\/wp-content\/uploads\/2025\/12\/Programskaknjiznica19.Danaspecijalnihivisokoskolskihknjiznica1.pdf\" data-type=\"link\" data-id=\"https:\/\/svk.hkdrustvo.hr\/wp-content\/uploads\/2025\/12\/Programskaknjiznica19.Danaspecijalnihivisokoskolskihknjiznica1.pdf\">19. dani specijalnih i visoko\u0161kolskih knji\u017enica &#8220;Sinergija i rast&#8221; : knji\u017enice \u2013 jednake, a razli\u010dite: programska knji\u017eica<\/a><\/p>\n\n\n\n<p><\/p>\n","protected":false},"excerpt":{"rendered":"<p>19. dani specijalnih i visoko\u0161kolskih knji\u017enica &#8220;Sinergija i rast&#8221; : knji\u017enice \u2013 jednake, a razli\u010dite: programska knji\u017eica<\/p>\n","protected":false},"author":7,"featured_media":0,"parent":137,"menu_order":0,"comment_status":"closed","ping_status":"closed","template":"","meta":{"footnotes":""},"class_list":["post-1970","page","type-page","status-publish","hentry","post"],"featured_image_src":null,"_links":{"self":[{"href":"https:\/\/svk.hkdrustvo.hr\/index.php?rest_route=\/wp\/v2\/pages\/1970","targetHints":{"allow":["GET"]}}],"collection":[{"href":"https:\/\/svk.hkdrustvo.hr\/index.php?rest_route=\/wp\/v2\/pages"}],"about":[{"href":"https:\/\/svk.hkdrustvo.hr\/index.php?rest_route=\/wp\/v2\/types\/page"}],"author":[{"embeddable":true,"href":"https:\/\/svk.hkdrustvo.hr\/index.php?rest_route=\/wp\/v2\/users\/7"}],"replies":[{"embeddable":true,"href":"https:\/\/svk.hkdrustvo.hr\/index.php?rest_route=%2Fwp%2Fv2%2Fcomments&post=1970"}],"version-history":[{"count":6,"href":"https:\/\/svk.hkdrustvo.hr\/index.php?rest_route=\/wp\/v2\/pages\/1970\/revisions"}],"predecessor-version":[{"id":2150,"href":"https:\/\/svk.hkdrustvo.hr\/index.php?rest_route=\/wp\/v2\/pages\/1970\/revisions\/2150"}],"up":[{"embeddable":true,"href":"https:\/\/svk.hkdrustvo.hr\/index.php?rest_route=\/wp\/v2\/pages\/137"}],"wp:attachment":[{"href":"https:\/\/svk.hkdrustvo.hr\/index.php?rest_route=%2Fwp%2Fv2%2Fmedia&parent=1970"}],"curies":[{"name":"wp","href":"https:\/\/api.w.org\/{rel}","templated":true}]}}