{"id":197,"date":"2023-02-24T05:16:51","date_gmt":"2023-02-24T04:16:51","guid":{"rendered":"https:\/\/svk.hkdrustvo.hr\/?page_id=197"},"modified":"2025-06-06T15:58:47","modified_gmt":"2025-06-06T13:58:47","slug":"registracija","status":"publish","type":"page","link":"https:\/\/svk.hkdrustvo.hr\/?page_id=197","title":{"rendered":"Registracija"},"content":{"rendered":"\n<p class=\"has-text-color has-link-color has-medium-font-size wp-elements-85443ab68c84aa2e9fafb949945fc392\" style=\"color:#46b4a1\"><strong>SUDJELOVANJE<\/strong><\/p>\n\n\n\n<p><strong>Prijava za sudjelovanje<\/strong>&nbsp;na skupu 19. dani specijalnih i visoko\u0161kolskih knji\u017enica dostupna je putem&nbsp;<a href=\"https:\/\/ls.hkdrustvo.hr\/index.php\/969839?lang=hr\">online obrasca za prijavu<\/a>.<\/p>\n\n\n\n<p>Sukladno s Op\u0107om uredbom o za\u0161titi osobnih podataka (GDPR), Va\u0161i osobni podatci obradit \u0107e se isklju\u010divo u svrhu evidentiranja i kontaktiranja sudionika skupa te statisti\u010dke obrade. Dobrovoljni podatci omogu\u0107uju nam da Vas lak\u0161e kontaktiramo u slu\u010daju potrebe i mo\u017eete ih u svakom trenutku izmijeniti ili obrisati.<\/p>\n\n\n\n<p><strong>Uplata kotizacije:<\/strong><br><strong>Uplate iz tuzemstva<\/strong><br><strong>IBAN:<\/strong>\u00a0HR3423600001101451830<br><strong>Pri uplati kotizacije molimo nazna\u010diti<\/strong>: prezime, ime; 19. Dani specijalnih<br><strong>Poziv na broj:<\/strong>\u00a01-3-12<\/p>\n\n\n\n<div class=\"wp-block-group is-vertical is-layout-flex wp-container-core-group-is-layout-8cf370e7 wp-block-group-is-layout-flex\">\n<p>Nakon primljene uplate HKD \u0107e izdati ra\u010dun i poslati ga po\u0161tom na adresu. Ukoliko ste u obvezi pla\u0107anja po ra\u010dunu ili predra\u010dunu, molimo vas da kontaktirate ured HKD-a.<\/p>\n\n\n\n<div class=\"wp-block-group is-vertical is-layout-flex wp-container-core-group-is-layout-8cf370e7 wp-block-group-is-layout-flex\">\n<p><strong>E-po\u0161ta:<\/strong>&nbsp;<a href=\"mailto:hkd@hkdrustvo.hr\">hkd@hkdrustvo.hr<\/a><\/p>\n\n\n\n<p><strong>Telefon:<\/strong>&nbsp;+385 91 604 7214<\/p>\n<\/div>\n<\/div>\n\n\n\n<p><strong>Uplate iz inozemstva<\/strong><br><strong>Bank:<\/strong>&nbsp;Zagreba\u010dka banka d.d., Trg bana Josipa Jela\u010di\u0107a 10,&nbsp;&nbsp;Zagreb, Croatia<br><strong>IBAN:<\/strong>&nbsp;HR3423600001101451830<br><strong>SWIFT CODE:<\/strong>&nbsp;ZABAHR2X<br><strong>Reference number:<\/strong>&nbsp;1-3-12<\/p>\n\n\n\n<p>Tro\u0161kove banke za uplate izvan EU-a u cijelosti snosi uplatitelj.<br>Rok za uplatu povoljnije rane kotizacije je <s>15. srpnja 2025.<\/s><strong> 01.09.2025.<\/strong><\/p>\n\n\n\n<figure class=\"wp-block-image size-full\"><img loading=\"lazy\" decoding=\"async\" width=\"651\" height=\"363\" src=\"https:\/\/svk.hkdrustvo.hr\/wp-content\/uploads\/2025\/06\/Kotizacija-specijalke-2025-06-03-125849-1.png\" alt=\"\" class=\"wp-image-1660\" srcset=\"https:\/\/svk.hkdrustvo.hr\/wp-content\/uploads\/2025\/06\/Kotizacija-specijalke-2025-06-03-125849-1.png 651w, https:\/\/svk.hkdrustvo.hr\/wp-content\/uploads\/2025\/06\/Kotizacija-specijalke-2025-06-03-125849-1-300x167.png 300w\" sizes=\"auto, (max-width: 651px) 100vw, 651px\" \/><\/figure>\n\n\n\n<p>Sudjelovanje na Skupu je uz kotizaciju.<\/p>\n\n\n\n<p>Studenti uz presliku studentske iskaznice ili potvrdu fakulteta, i umirovljenici, \u010dlanovi regionalnih dru\u0161tava, pla\u0107ati \u0107e 50 % iznosa pune odnosno jednodnevne kotizacije.<\/p>\n\n\n\n<div class=\"wp-block-group\"><div class=\"wp-block-group__inner-container is-layout-constrained wp-block-group-is-layout-constrained\">\n<p class=\"has-text-color has-link-color wp-elements-2c035caba00d236646a8b0d9394b1504\" style=\"color:#46b4a1\"><strong>UPUTE ZA PRIJAVU ZA SUDJELOVANJE S IZLAGANJEM<\/strong><\/p>\n\n\n\n<p>Na mre\u017enoj stranici skupa dostupne su&nbsp;<a href=\"https:\/\/svk.hkdrustvo.hr\/?page_id=191\"><strong>upute autorima<\/strong><\/a>&nbsp;za prijavu za sudjelovanje za sve vrste izlaganja. Ako imate bilo kakvih problema vezano uz pristup sadr\u017eaju skupa, molimo da nas kontaktirate na:&nbsp;<a href=\"mailto:hkd@hkdrustvo.hr\"><strong>hkd@hkdrustvo.hr<\/strong><\/a>.<\/p>\n<\/div><\/div>\n","protected":false},"excerpt":{"rendered":"<p>SUDJELOVANJE Prijava za sudjelovanje&nbsp;na skupu 19. dani specijalnih i visoko\u0161kolskih knji\u017enica dostupna je putem&nbsp;online obrasca za prijavu. Sukladno s Op\u0107om uredbom o za\u0161titi osobnih podataka (GDPR), Va\u0161i osobni podatci obradit \u0107e se isklju\u010divo u svrhu evidentiranja i kontaktiranja sudionika skupa te statisti\u010dke obrade. Dobrovoljni podatci omogu\u0107uju nam da Vas lak\u0161e kontaktiramo u slu\u010daju potrebe i [&hellip;]<\/p>\n","protected":false},"author":2,"featured_media":0,"parent":135,"menu_order":0,"comment_status":"closed","ping_status":"closed","template":"","meta":{"footnotes":""},"class_list":["post-197","page","type-page","status-publish","hentry","post"],"featured_image_src":null,"_links":{"self":[{"href":"https:\/\/svk.hkdrustvo.hr\/index.php?rest_route=\/wp\/v2\/pages\/197","targetHints":{"allow":["GET"]}}],"collection":[{"href":"https:\/\/svk.hkdrustvo.hr\/index.php?rest_route=\/wp\/v2\/pages"}],"about":[{"href":"https:\/\/svk.hkdrustvo.hr\/index.php?rest_route=\/wp\/v2\/types\/page"}],"author":[{"embeddable":true,"href":"https:\/\/svk.hkdrustvo.hr\/index.php?rest_route=\/wp\/v2\/users\/2"}],"replies":[{"embeddable":true,"href":"https:\/\/svk.hkdrustvo.hr\/index.php?rest_route=%2Fwp%2Fv2%2Fcomments&post=197"}],"version-history":[{"count":50,"href":"https:\/\/svk.hkdrustvo.hr\/index.php?rest_route=\/wp\/v2\/pages\/197\/revisions"}],"predecessor-version":[{"id":1714,"href":"https:\/\/svk.hkdrustvo.hr\/index.php?rest_route=\/wp\/v2\/pages\/197\/revisions\/1714"}],"up":[{"embeddable":true,"href":"https:\/\/svk.hkdrustvo.hr\/index.php?rest_route=\/wp\/v2\/pages\/135"}],"wp:attachment":[{"href":"https:\/\/svk.hkdrustvo.hr\/index.php?rest_route=%2Fwp%2Fv2%2Fmedia&parent=197"}],"curies":[{"name":"wp","href":"https:\/\/api.w.org\/{rel}","templated":true}]}}