{"id":191,"date":"2023-02-24T05:11:32","date_gmt":"2023-02-24T04:11:32","guid":{"rendered":"https:\/\/svk.hkdrustvo.hr\/?page_id=191"},"modified":"2025-11-20T14:38:48","modified_gmt":"2025-11-20T13:38:48","slug":"upute","status":"publish","type":"page","link":"https:\/\/svk.hkdrustvo.hr\/?page_id=191","title":{"rendered":"Upute za autore"},"content":{"rendered":"\n<p>Autori prijavljuju priloge putem jedinstvenog <a href=\"https:\/\/ls.hkdrustvo.hr\/index.php\/969839?lang=hr\" data-type=\"link\" data-id=\"https:\/\/ls.hkdrustvo.hr\/index.php\/969839?lang=hr\"><strong><strong>online obrasca za sudjelovanje<\/strong><\/strong><\/a><strong><strong>.<\/strong><\/strong>&nbsp;<\/p>\n\n\n\n<p>Autori mogu prijaviti sljede\u0107e vrste priloga:<\/p>\n\n\n\n<p><strong>Izlaganja:<\/strong><br>Do 15 minuta prezentacije o znanstvenim i stru\u010dnim istra\u017eivanjima, dobrim praksama, iskustvima i obrazovnim projektima. Izlaga\u010di \u0107e biti raspore\u0111eni po sesijama ovisno o prijavljenoj temi. Materijale za usmeno izlaganje potrebno je osobno dostaviti moderatoru sesije.<\/p>\n\n\n\n<ol start=\"1\" class=\"wp-block-list\">\n<li>Izlaganja je potrebno prirediti u formatu PPT prezentacije, a koja ne smiju prelaziti vremensko ograni\u010denje trajanja <strong>do 10 minuta<\/strong>.&nbsp;<\/li>\n<\/ol>\n\n\n\n<ol start=\"2\" class=\"wp-block-list\">\n<li>Nakon izlaganja planirana su pitanja i odgovori u trajanju od 5 minuta.&nbsp;<\/li>\n<\/ol>\n\n\n\n<ol start=\"3\" class=\"wp-block-list\">\n<li>Tekst PPT prezentacije treba biti na hrvatskom ili engleskom jeziku.<\/li>\n<\/ol>\n\n\n\n<ol start=\"4\" class=\"wp-block-list\">\n<li>Svaka dvorana je opremljena s ra\u010dunalom i projektorom.<\/li>\n<\/ol>\n\n\n\n<ol start=\"5\" class=\"wp-block-list\">\n<li>PPT prezentaciju za izlaganje potrebno je poslati na email: <a href=\"mailto:svk@hkdrustvo.hr\"><strong>svk@hkdrustvo.hr<\/strong><\/a> <strong>do 26. studenog 2025.<\/strong><\/li>\n<\/ol>\n\n\n\n<ol start=\"6\" class=\"wp-block-list\">\n<li>Naziv datoteke: <strong>Naslov izlaganja_Prezime Ime Izlaga\u010da.pdf<\/strong><\/li>\n<\/ol>\n\n\n\n<ol start=\"7\" class=\"wp-block-list\">\n<li>Gotovu PPT prezentaciju za izlaganje po mogu\u0107nosti i donijeti na USB sticku na skup.<\/li>\n<\/ol>\n\n\n\n<p>Moderator Va\u0161e sesije stoji Vam na usluzi za sva dodatna pitanja.<\/p>\n\n\n\n<p><strong>Vi\u0161e o Programu skupa:<\/strong> <a href=\"https:\/\/svk.hkdrustvo.hr\/?page_id=137\" data-type=\"link\" data-id=\"https:\/\/svk.hkdrustvo.hr\"><strong>https:\/\/svk.hkdrustvo.hr<\/strong><\/a><strong> <\/strong><\/p>\n\n\n\n<p><strong>Okrugli stol:<\/strong><br>Sesije u trajanju do 90 minuta koje \u0107e biti pou\u010dne i obrazovne i stru\u010dne prirode a namijenjene su poticanju interaktivnih rasprava za sudionike koji dijele zajedni\u010dke interese.<\/p>\n\n\n\n<p><strong>Radionice:<\/strong><br>Radionica je oblik skupnog rada pri \u010demu svi sudionici uz pomo\u0107 stru\u010dnog voditelja sudjeluju u zajedni\u010dkom procesu razmjene iskustava i u\u010denja. Radu u radionicama je organiziran u skupinama i naj\u010de\u0161\u0107e traje do 90 minuta. U radionicama se koriste razli\u010dite tehnike skupnog rada: aktivnosti uklju\u010divanja, rad u malim skupina.<\/p>\n\n\n\n<p><strong>E-posteri:<\/strong><br>Kratke grafi\u010dke prezentacije koje \u0107e se prezentirati u posebnoj sesiji&nbsp;<strong>isklju\u010divo u obliku e-postera.<\/strong>&nbsp;Poster mora biti informativan, ali i vizualno privla\u010dan. Dobar je izbor izlaganja za one sudionike koji \u017eele pove\u0107ati vidljivost svoga rada te predstaviti svoje istra\u017eivanje ili prikaz dobre prakse na efektan, vizualno privla\u010dan i sa\u017eet na\u010din. Prijavu i sa\u017eetak postera treba predati na <strong>jedinstvenom obrascu za prijavu<\/strong>. <\/p>\n\n\n\n<ol start=\"1\" class=\"wp-block-list\">\n<li>Izlaganja e-postera ne smiju prelaziti vremensko ograni\u010denje trajanja\u00a0<strong>od 3 minute<\/strong>.<\/li>\n<\/ol>\n\n\n\n<ol start=\"2\" class=\"wp-block-list\">\n<li>Nakon izlaganja planirana su pitanja i odgovori u trajanju od 2 minute.<\/li>\n<\/ol>\n\n\n\n<ol start=\"3\" class=\"wp-block-list\">\n<li>Posteri se prila\u017eu u elektroni\u010dkom obliku u PDF formatu i dostavljaju se moderatoru posterske sesije <strong>do 26. studenog 2025. na e-mail: <\/strong><a href=\"mailto:svk@hkdrustvo.hr\"><strong>svk@hkdrustvo.hr<\/strong><\/a><\/li>\n<\/ol>\n\n\n\n<ol start=\"4\" class=\"wp-block-list\">\n<li>Naziv datoteke: <strong>Naslov postera_Prezime Ime Izlaga\u010da.pdf<\/strong><\/li>\n<\/ol>\n\n\n\n<ol start=\"5\" class=\"wp-block-list\">\n<li>Gotovu e-verziju postera treba donijeti i na USB sticku na skup.<\/li>\n<\/ol>\n\n\n\n<ol start=\"6\" class=\"wp-block-list\">\n<li>Tekst postera treba biti na hrvatskom ili engleskom jeziku.&nbsp;<\/li>\n<\/ol>\n\n\n\n<ol start=\"7\" class=\"wp-block-list\">\n<li>Font u tekstu postera ne smije biti manji od 12 pt.&nbsp;<\/li>\n<\/ol>\n\n\n\n<ol start=\"8\" class=\"wp-block-list\">\n<li>Poster treba imati jasno nazna\u010den naslov te ime i prezime svih autora.<\/li>\n<\/ol>\n\n\n\n<ol start=\"9\" class=\"wp-block-list\">\n<li>Format postera je 70 x 100 cm. Preporu\u010deni format: Okomito ili vodoravno usmjerenje u .pdf formatu izvorne pripreme za tisak.<\/li>\n<\/ol>\n\n\n\n<p>Moderator Va\u0161e sesije stoji Vam na usluzi za sva dodatna pitanja.<\/p>\n\n\n\n<p><strong>Vi\u0161e o Programu skupa:<\/strong> <a href=\"https:\/\/svk.hkdrustvo.hr\/?page_id=137\"><strong>https:\/\/svk.hkdrustvo.hr<\/strong><\/a><\/p>\n","protected":false},"excerpt":{"rendered":"<p>Autori prijavljuju priloge putem jedinstvenog online obrasca za sudjelovanje.&nbsp; Autori mogu prijaviti sljede\u0107e vrste priloga: Izlaganja:Do 15 minuta prezentacije o znanstvenim i stru\u010dnim istra\u017eivanjima, dobrim praksama, iskustvima i obrazovnim projektima. Izlaga\u010di \u0107e biti raspore\u0111eni po sesijama ovisno o prijavljenoj temi. Materijale za usmeno izlaganje potrebno je osobno dostaviti moderatoru sesije. Moderator Va\u0161e sesije stoji Vam [&hellip;]<\/p>\n","protected":false},"author":2,"featured_media":0,"parent":137,"menu_order":0,"comment_status":"closed","ping_status":"closed","template":"","meta":{"footnotes":""},"class_list":["post-191","page","type-page","status-publish","hentry","post"],"featured_image_src":null,"_links":{"self":[{"href":"https:\/\/svk.hkdrustvo.hr\/index.php?rest_route=\/wp\/v2\/pages\/191","targetHints":{"allow":["GET"]}}],"collection":[{"href":"https:\/\/svk.hkdrustvo.hr\/index.php?rest_route=\/wp\/v2\/pages"}],"about":[{"href":"https:\/\/svk.hkdrustvo.hr\/index.php?rest_route=\/wp\/v2\/types\/page"}],"author":[{"embeddable":true,"href":"https:\/\/svk.hkdrustvo.hr\/index.php?rest_route=\/wp\/v2\/users\/2"}],"replies":[{"embeddable":true,"href":"https:\/\/svk.hkdrustvo.hr\/index.php?rest_route=%2Fwp%2Fv2%2Fcomments&post=191"}],"version-history":[{"count":39,"href":"https:\/\/svk.hkdrustvo.hr\/index.php?rest_route=\/wp\/v2\/pages\/191\/revisions"}],"predecessor-version":[{"id":2038,"href":"https:\/\/svk.hkdrustvo.hr\/index.php?rest_route=\/wp\/v2\/pages\/191\/revisions\/2038"}],"up":[{"embeddable":true,"href":"https:\/\/svk.hkdrustvo.hr\/index.php?rest_route=\/wp\/v2\/pages\/137"}],"wp:attachment":[{"href":"https:\/\/svk.hkdrustvo.hr\/index.php?rest_route=%2Fwp%2Fv2%2Fmedia&parent=191"}],"curies":[{"name":"wp","href":"https:\/\/api.w.org\/{rel}","templated":true}]}}