{"id":1669,"date":"2025-06-06T15:18:13","date_gmt":"2025-06-06T13:18:13","guid":{"rendered":"https:\/\/svk.hkdrustvo.hr\/?page_id=1669"},"modified":"2025-10-07T08:57:02","modified_gmt":"2025-10-07T06:57:02","slug":"special-and-academic-libraries-days","status":"publish","type":"page","link":"https:\/\/svk.hkdrustvo.hr\/?lang=en","title":{"rendered":"Special and Academic Libraries Days"},"content":{"rendered":"<div class=\"wp-block-ub-content-toggle wp-block-ub-content-toggle-block\" id=\"ub-content-toggle-block-540cd93f-e661-4c2e-8bf5-776110836a99\" data-mobilecollapse=\"false\" data-desktopcollapse=\"false\" data-preventcollapse=\"false\" data-showonlyone=\"false\">\n<div class=\"wp-block-ub-content-toggle-accordion\" style=\"border-color: #b9e2db; \" id=\"ub-content-toggle-panel-block-\">\n\t\t\t<div class=\"wp-block-ub-content-toggle-accordion-title-wrap\" style=\"background-color: #b9e2db;\" aria-controls=\"ub-content-toggle-panel-0-540cd93f-e661-4c2e-8bf5-776110836a99\" tabindex=\"0\">\n\t\t\t<p class=\"wp-block-ub-content-toggle-accordion-title ub-content-toggle-title-540cd93f-e661-4c2e-8bf5-776110836a99\" style=\"color: #000000; \"><strong>1st ANNOUNCEMENT\u00a0<\/strong><\/p>\n\t\t\t<div class=\"wp-block-ub-content-toggle-accordion-toggle-wrap right\" style=\"color: #000000;\"><span class=\"wp-block-ub-content-toggle-accordion-state-indicator wp-block-ub-chevron-down open\"><\/span><\/div>\n\t\t<\/div>\n\t\t\t<div role=\"region\" aria-expanded=\"true\" class=\"wp-block-ub-content-toggle-accordion-content-wrap\" id=\"ub-content-toggle-panel-0-540cd93f-e661-4c2e-8bf5-776110836a99\">\n\n<p><strong>Venue<\/strong>: Hotel Excelsior, Lovran, Croatia, 1 \u2013 3 December 2025.<br><strong>Organizer<\/strong>: Croatian Library Association, Division for special and academic libraries<br><strong>Co-organizers<\/strong>: National and University Library Zagreb, University Library Rijeka and Library Association Rijeka<\/p>\n\n\n\n<p><strong>Main Theme:<\/strong> <strong>Synergy and Growth: Libraries \u2013 Equal, Yet Different<\/strong><\/p>\n\n\n\n<p>This year\u2019s conference is going to cover the following topics:<br><strong>1. Libraries in the era of digital transformation and artificial intelligence<br>2. The status of libraries and librarians<br>3. The challenges of library openness<br>4. Library management<br>5. Sustainable development of libraries<\/strong><\/p>\n\n\n<div class=\"wp-block-ub-content-toggle wp-block-ub-content-toggle-block\" id=\"ub-content-toggle-block-543eeadf-48ba-4a87-9af6-2adec32d82fb\" data-mobilecollapse=\"false\" data-desktopcollapse=\"true\" data-preventcollapse=\"false\" data-showonlyone=\"false\">\n<div class=\"wp-block-ub-content-toggle-accordion\" style=\"border-color: #b9e2db; \" id=\"ub-content-toggle-panel-block-\">\n\t\t\t<div class=\"wp-block-ub-content-toggle-accordion-title-wrap\" style=\"background-color: #b9e2db;\" aria-controls=\"ub-content-toggle-panel-0-543eeadf-48ba-4a87-9af6-2adec32d82fb\" tabindex=\"0\">\n\t\t\t<p class=\"wp-block-ub-content-toggle-accordion-title ub-content-toggle-title-543eeadf-48ba-4a87-9af6-2adec32d82fb\" style=\"color: #000000; \"><strong>THEMATIC UNITS<\/strong><\/p>\n\t\t\t<div class=\"wp-block-ub-content-toggle-accordion-toggle-wrap right\" style=\"color: #000000;\"><span class=\"wp-block-ub-content-toggle-accordion-state-indicator wp-block-ub-chevron-down\"><\/span><\/div>\n\t\t<\/div>\n\t\t\t<div role=\"region\" aria-expanded=\"false\" class=\"wp-block-ub-content-toggle-accordion-content-wrap ub-hide\" id=\"ub-content-toggle-panel-0-543eeadf-48ba-4a87-9af6-2adec32d82fb\">\n\n<div class=\"wp-block-group\"><div class=\"wp-block-group__inner-container is-layout-constrained wp-block-group-is-layout-constrained\">\n<ul class=\"wp-block-list\">\n<li><strong>Libraries in the era of digital transformation and artificial intelligence<\/strong>\n<ul class=\"wp-block-list\">\n<li>Modern library platforms \u2013 <strong>ROUND TABLE<\/strong><\/li>\n\n\n\n<li>Literacies of the 21<sup>st<\/sup> century<\/li>\n\n\n\n<li>Digital infrastructure, library services and collections<\/li>\n\n\n\n<li>Ethics and challenges of using artificial intelligence in libraries<\/li>\n<\/ul>\n<\/li>\n<\/ul>\n<\/div><\/div>\n\n\n\n<ul class=\"wp-block-list\">\n<li><strong>The status of libraries and librarians<\/strong>\n<ul class=\"wp-block-list\">\n<li>Ethics in librarianship \u2013 <strong>ROUND TABLE<\/strong><\/li>\n\n\n\n<li>Libraries and founders within the legal framework: expectations, challenges, evaluation and results<\/li>\n\n\n\n<li>Users amid changes in library management<\/li>\n\n\n\n<li>Librarian education: competencies, skills and values<\/li>\n\n\n\n<li>New roles and nomenclature of the 21<sup>st<\/sup> century librarians<\/li>\n<\/ul>\n<\/li>\n<\/ul>\n\n\n\n<ul class=\"wp-block-list\">\n<li><strong>Challenges of library openness<\/strong>\n<ul class=\"wp-block-list\">\n<li>Research evaluation<\/li>\n\n\n\n<li>Libraries as supporters of open science<\/li>\n\n\n\n<li>Copyright and open access<\/li>\n\n\n\n<li>Trust in science \u2013 libraries as spaces for critical thinking<\/li>\n\n\n\n<li>Library openness to new technologies and sources of information<\/li>\n<\/ul>\n<\/li>\n<\/ul>\n\n\n\n<ul class=\"wp-block-list\">\n<li><strong>Library management<\/strong>\n<ul class=\"wp-block-list\">\n<li>Acquisition of e-resources \u2013 <strong>ROUND TABLE<\/strong><\/li>\n\n\n\n<li>Presentation of cultural content through new technologies and media<\/li>\n\n\n\n<li>The role of academic and special libraries in the industry of culture<\/li>\n\n\n\n<li>Promotion of cultural heritage through digitalization<\/li>\n\n\n\n<li>Heritage and special collections: origin, management, promotion and preservation<\/li>\n\n\n\n<li>Libraries and special working conditions<\/li>\n\n\n\n<li>Advocacy and lobbying for library interests<\/li>\n\n\n\n<li>Digital transition and policies guiding the management of change<\/li>\n<\/ul>\n<\/li>\n<\/ul>\n\n\n\n<ul class=\"wp-block-list\">\n<li><strong>Sustainable development of libraries<\/strong>\n<ul class=\"wp-block-list\">\n<li>EU sustainable development goals by 2050<\/li>\n\n\n\n<li>Achieving goals through partnership<\/li>\n\n\n\n<li>Equity, diversity and inclusion in libraries: challenges and opportunities<\/li>\n\n\n\n<li>Green principles in library practice<\/li>\n<\/ul>\n<\/li>\n<\/ul>\n\n\n\n<p>The event will host a distinguished group of scholars and professionals who will share insights through presentations, workshops, and roundtable discussions. Their contributions will highlight the latest developments in library and information science, centered around this year\u2019s theme: <strong>\u201cSynergy and Growth: Libraries \u2013 Equal, Yet Different.\u201d<\/strong><\/p>\n\n\n\n<p><strong>PRESENTATION FORMATS<\/strong><\/p>\n\n\n\n<p>Participants may submit proposals in the following formats:<\/p>\n\n\n\n<ul class=\"wp-block-list\">\n<li>Invited speakers<\/li>\n\n\n\n<li>Presentations<\/li>\n\n\n\n<li>Roundtable discussions<\/li>\n\n\n\n<li>Workshops<\/li>\n\n\n\n<li>E-posters<\/li>\n<\/ul>\n\n\n\n<p>Previously unpublished papers or e-poster presentations in Croatian or English are welcome. Authors are kindly requested to complete the Croatian Library Association&#8217;s <a href=\"https:\/\/www.hkdrustvo.hr\/wp-content\/uploads\/2025\/03\/HKD_privola-za-objavu-1.docx\">consent form<\/a> for publication and send it to <a href=\"mailto:hkd@hkdrustvo.hr\">hkd@hkdrustvo.hr<\/a><\/p>\n\n\n\n<p>Registration for participation in the conference is available via the\u00a0<a href=\"https:\/\/ls.hkdrustvo.hr\/index.php\/969839\"><strong>online registration form<\/strong><\/a><strong>.<\/strong><\/p>\n\n\n\n<div class=\"wp-block-group is-vertical is-layout-flex wp-container-core-group-is-layout-8cf370e7 wp-block-group-is-layout-flex\">\n<p>Deadlines:<\/p>\n\n\n\n<p>Submission and abstract deadline: <s>June 1, 2025.<\/s> July 1, 2025<\/p>\n\n\n\n<p>Paper Acceptance Notification: <s>July 10, 2025.<\/s> July 20, 2025<\/p>\n<\/div>\n\n<\/div>\n\t\t<\/div>\n\n<div class=\"wp-block-ub-content-toggle-accordion\" style=\"border-color: #b9e2db; \" id=\"ub-content-toggle-panel-block-\">\n\t\t\t<div class=\"wp-block-ub-content-toggle-accordion-title-wrap\" style=\"background-color: #b9e2db;\" aria-controls=\"ub-content-toggle-panel-1-543eeadf-48ba-4a87-9af6-2adec32d82fb\" tabindex=\"0\">\n\t\t\t<p class=\"wp-block-ub-content-toggle-accordion-title ub-content-toggle-title-543eeadf-48ba-4a87-9af6-2adec32d82fb\" style=\"color: #000000; \"><strong>REGISTRATION FEE<\/strong><\/p>\n\t\t\t<div class=\"wp-block-ub-content-toggle-accordion-toggle-wrap right\" style=\"color: #000000;\"><span class=\"wp-block-ub-content-toggle-accordion-state-indicator wp-block-ub-chevron-down\"><\/span><\/div>\n\t\t<\/div>\n\t\t\t<div role=\"region\" aria-expanded=\"false\" class=\"wp-block-ub-content-toggle-accordion-content-wrap ub-hide\" id=\"ub-content-toggle-panel-1-543eeadf-48ba-4a87-9af6-2adec32d82fb\">\n\n<p>Payment information:<\/p>\n\n\n\n<p><strong>Payments from the homeland<\/strong>\u00a0IBAN: HR3423600001101451830<\/p>\n\n\n\n<p>When paying the registration fee, please indicate:\u00a0Last name, first name; for 19th days.<\/p>\n\n\n\n<p>After receiving the payment, CLA will issue an e-invoice. If you are required to pay by invoice or proforma invoice, please contact the CLA at office\u00a0<a href=\"mailto:hkd@hkdrustvo.hr\">hkd@hkdrustvo.hr<\/a> or +385 91 604 7214.<\/p>\n\n\n\n<p><strong>Payments from abroad\u00a0<\/strong><\/p>\n\n\n\n<p><strong>Bank<\/strong>: Zagreba\u010dka banka d.d., Trg bana Josipa Jela\u010di\u0107a 10, Zagreb, Croatia IBAN: HR3423600001101451830 SWIFT CODE: ZABAHR2X<\/p>\n\n\n\n<p>Bank charges for payments outside the EU are fully borne by the payer. The deadline for paying early bird registration fee is\u00a0<s>July 15, 2025<\/s> September 1, 2025.<\/p>\n\n\n\n<figure class=\"wp-block-image size-full\"><img loading=\"lazy\" decoding=\"async\" width=\"657\" height=\"365\" src=\"https:\/\/svk.hkdrustvo.hr\/wp-content\/uploads\/2025\/06\/Tablica-sa-iznosima-na-eng-1.png\" alt=\"\" class=\"wp-image-1693\" srcset=\"https:\/\/svk.hkdrustvo.hr\/wp-content\/uploads\/2025\/06\/Tablica-sa-iznosima-na-eng-1.png 657w, https:\/\/svk.hkdrustvo.hr\/wp-content\/uploads\/2025\/06\/Tablica-sa-iznosima-na-eng-1-300x167.png 300w\" sizes=\"auto, (max-width: 657px) 100vw, 657px\" \/><\/figure>\n\n<\/div>\n\t\t<\/div>\n\n<div class=\"wp-block-ub-content-toggle-accordion\" style=\"border-color: #b9e2db; \" id=\"ub-content-toggle-panel-block-\">\n\t\t\t<div class=\"wp-block-ub-content-toggle-accordion-title-wrap\" style=\"background-color: #b9e2db;\" aria-controls=\"ub-content-toggle-panel-2-543eeadf-48ba-4a87-9af6-2adec32d82fb\" tabindex=\"0\">\n\t\t\t<p class=\"wp-block-ub-content-toggle-accordion-title ub-content-toggle-title-543eeadf-48ba-4a87-9af6-2adec32d82fb\" style=\"color: #000000; \"><strong>ACCOMMODATION<\/strong><\/p>\n\t\t\t<div class=\"wp-block-ub-content-toggle-accordion-toggle-wrap right\" style=\"color: #000000;\"><span class=\"wp-block-ub-content-toggle-accordion-state-indicator wp-block-ub-chevron-down\"><\/span><\/div>\n\t\t<\/div>\n\t\t\t<div role=\"region\" aria-expanded=\"false\" class=\"wp-block-ub-content-toggle-accordion-content-wrap ub-hide\" id=\"ub-content-toggle-panel-2-543eeadf-48ba-4a87-9af6-2adec32d82fb\">\n\n<p><strong>Accommodation for participants at special rates<\/strong> is available at <strong>Hotel Excelsior 4*<\/strong> for the period <strong>1\u20133 December<\/strong>. Participants are responsible for booking their accommodation individually using the <strong>promo code \u201cHKD25\u201d<\/strong> on the website <a href=\"https:\/\/www.liburnia.hr\">www.liburnia.hr<\/a>. After selecting the room type and dates, enter the promo code <strong>\u201cHKD25\u201d<\/strong> or simply use the direct booking link below (no promo code entry required):<br><a href=\"https:\/\/booking.liburnia.hr\/book.php?page=availability&amp;companyid=225&amp;hotelid=922&amp;checkin=2025-10-15&amp;checkout=2025-10-17&amp;partnerid=21723&amp;ibelang=hr&amp;ibecurrency=EUR&amp;crcid=f028a67fe5b8d7024efc19d4a122eb93\">Link to booking offers<\/a><strong> \u2013 <\/strong><strong>please adjust the number of guests and length of stay as needed.<\/strong><\/p>\n\n\n\n<p>For guests wishing to <strong>pay in advance via proforma invoice<\/strong>, please make your booking independently using the promo code \u201cHKD25\u201d or the booking link, and select <strong>&#8220;proforma invoice&#8221;<\/strong> as the payment method in the final step.<br>A proforma invoice can be requested <strong>up to 10 days before arrival<\/strong>; after this deadline, the reservation will be considered cancelled if unpaid.<\/p>\n\n\n\n<p>If an <strong>e-invoice<\/strong> is required please enter the note <em>\u201cE-invoice required\u201d<\/em> in the reservation comment field and include the <strong>purchase order number<\/strong>.<br>The purchase order must be submitted at check-in as the payment method.<br><strong>No post-check-in corrections to e-invoices will be possible<\/strong>, so please carefully review the <strong>General Terms and Conditions<\/strong> during the booking process.<\/p>\n\n\n\n<p>Additional instructions for accommodation booking are available via the provided link.<\/p>\n\n\n\n<p>For any further questions or assistance with the booking process, please contact the reservation centre:<br>\ud83d\udce7 <a href=\"mailto:reservation.mice@liburnia.hr\">reservation.mice@liburnia.hr<\/a><strong><\/strong><br>\ud83d\udcde <strong>+385 51 710 444<\/strong><\/p>\n\n\n\n<p>When contacting the reservation center, participants should refer to the <strong>promo code \u201cHKD25\u201d<\/strong> or mention the name of the event.<\/p>\n\n<\/div>\n\t\t<\/div>\n<\/div>\n<\/div>\n\t\t<\/div>\n<\/div>\n\n\n<p><\/p>\n","protected":false},"excerpt":{"rendered":"","protected":false},"author":6,"featured_media":1685,"parent":0,"menu_order":0,"comment_status":"closed","ping_status":"closed","template":"","meta":{"footnotes":""},"class_list":["post-1669","page","type-page","status-publish","has-post-thumbnail","hentry","post"],"featured_image_src":"https:\/\/svk.hkdrustvo.hr\/wp-content\/uploads\/2025\/06\/19.-dani-SVK-logo-EN-2-scaled.png","_links":{"self":[{"href":"https:\/\/svk.hkdrustvo.hr\/index.php?rest_route=\/wp\/v2\/pages\/1669","targetHints":{"allow":["GET"]}}],"collection":[{"href":"https:\/\/svk.hkdrustvo.hr\/index.php?rest_route=\/wp\/v2\/pages"}],"about":[{"href":"https:\/\/svk.hkdrustvo.hr\/index.php?rest_route=\/wp\/v2\/types\/page"}],"author":[{"embeddable":true,"href":"https:\/\/svk.hkdrustvo.hr\/index.php?rest_route=\/wp\/v2\/users\/6"}],"replies":[{"embeddable":true,"href":"https:\/\/svk.hkdrustvo.hr\/index.php?rest_route=%2Fwp%2Fv2%2Fcomments&post=1669"}],"version-history":[{"count":18,"href":"https:\/\/svk.hkdrustvo.hr\/index.php?rest_route=\/wp\/v2\/pages\/1669\/revisions"}],"predecessor-version":[{"id":1742,"href":"https:\/\/svk.hkdrustvo.hr\/index.php?rest_route=\/wp\/v2\/pages\/1669\/revisions\/1742"}],"wp:featuredmedia":[{"embeddable":true,"href":"https:\/\/svk.hkdrustvo.hr\/index.php?rest_route=\/wp\/v2\/media\/1685"}],"wp:attachment":[{"href":"https:\/\/svk.hkdrustvo.hr\/index.php?rest_route=%2Fwp%2Fv2%2Fmedia&parent=1669"}],"curies":[{"name":"wp","href":"https:\/\/api.w.org\/{rel}","templated":true}]}}